{"id":40,"date":"2021-08-18T02:34:12","date_gmt":"2021-08-18T00:34:12","guid":{"rendered":"https:\/\/amplietudes.fr\/?page_id=40"},"modified":"2022-02-27T22:02:56","modified_gmt":"2022-02-27T21:02:56","slug":"contact","status":"publish","type":"page","link":"https:\/\/amplietudes.fr\/?page_id=40","title":{"rendered":"Contact"},"content":{"rendered":"\n<div style=\"height:50px\" aria-hidden=\"true\" class=\"wp-block-spacer\"><\/div>\n\n\n\n<h3 class=\"has-text-align-center wp-block-heading\">Parce que tous les moyens sont bons pour nous contacter&#8230;<\/h3>\n\n\n\n<div style=\"height:50px\" aria-hidden=\"true\" class=\"wp-block-spacer\"><\/div>\n\n\n\n<div class=\"wp-block-columns is-layout-flex wp-container-core-columns-is-layout-9d6595d7 wp-block-columns-is-layout-flex\">\n<div class=\"wp-block-column is-layout-flow wp-block-column-is-layout-flow\" style=\"flex-basis:66.66%\">\n<figure class=\"wp-block-gallery aligncenter has-nested-images columns-2 is-cropped wp-block-gallery-1 is-layout-flex wp-block-gallery-is-layout-flex\">\n<figure class=\"wp-block-image size-full\"><img loading=\"lazy\" decoding=\"async\" width=\"1350\" height=\"650\" data-id=\"260\" src=\"https:\/\/amplietudes.fr\/wp-content\/uploads\/2021\/08\/telephone-4-1.png\" alt=\"\" class=\"wp-image-260\" srcset=\"https:\/\/amplietudes.fr\/wp-content\/uploads\/2021\/08\/telephone-4-1.png 1350w, https:\/\/amplietudes.fr\/wp-content\/uploads\/2021\/08\/telephone-4-1-300x144.png 300w, https:\/\/amplietudes.fr\/wp-content\/uploads\/2021\/08\/telephone-4-1-1024x493.png 1024w, https:\/\/amplietudes.fr\/wp-content\/uploads\/2021\/08\/telephone-4-1-768x370.png 768w, https:\/\/amplietudes.fr\/wp-content\/uploads\/2021\/08\/telephone-4-1-750x361.png 750w, https:\/\/amplietudes.fr\/wp-content\/uploads\/2021\/08\/telephone-4-1-400x193.png 400w, https:\/\/amplietudes.fr\/wp-content\/uploads\/2021\/08\/telephone-4-1-430x207.png 430w, https:\/\/amplietudes.fr\/wp-content\/uploads\/2021\/08\/telephone-4-1-150x72.png 150w, https:\/\/amplietudes.fr\/wp-content\/uploads\/2021\/08\/telephone-4-1-100x48.png 100w\" sizes=\"auto, (max-width: 1350px) 100vw, 1350px\" \/><\/figure>\n\n\n\n<figure class=\"wp-block-image size-full\"><img loading=\"lazy\" decoding=\"async\" width=\"2558\" height=\"2560\" data-id=\"245\" src=\"https:\/\/amplietudes.fr\/wp-content\/uploads\/2021\/08\/machine-a-ecrire-bis-scaled.jpg\" alt=\"\" class=\"wp-image-245\" srcset=\"https:\/\/amplietudes.fr\/wp-content\/uploads\/2021\/08\/machine-a-ecrire-bis-scaled.jpg 2558w, https:\/\/amplietudes.fr\/wp-content\/uploads\/2021\/08\/machine-a-ecrire-bis-300x300.jpg 300w, https:\/\/amplietudes.fr\/wp-content\/uploads\/2021\/08\/machine-a-ecrire-bis-1024x1024.jpg 1024w, https:\/\/amplietudes.fr\/wp-content\/uploads\/2021\/08\/machine-a-ecrire-bis-150x150.jpg 150w, https:\/\/amplietudes.fr\/wp-content\/uploads\/2021\/08\/machine-a-ecrire-bis-768x769.jpg 768w\" sizes=\"auto, (max-width: 2558px) 100vw, 2558px\" \/><\/figure>\n\n\n\n<figure class=\"wp-block-image size-full\"><img loading=\"lazy\" decoding=\"async\" width=\"1280\" height=\"840\" data-id=\"238\" src=\"https:\/\/amplietudes.fr\/wp-content\/uploads\/2021\/08\/telegraphe.jpg\" alt=\"\" class=\"wp-image-238\" srcset=\"https:\/\/amplietudes.fr\/wp-content\/uploads\/2021\/08\/telegraphe.jpg 1280w, https:\/\/amplietudes.fr\/wp-content\/uploads\/2021\/08\/telegraphe-300x197.jpg 300w, https:\/\/amplietudes.fr\/wp-content\/uploads\/2021\/08\/telegraphe-1024x672.jpg 1024w, https:\/\/amplietudes.fr\/wp-content\/uploads\/2021\/08\/telegraphe-768x504.jpg 768w, https:\/\/amplietudes.fr\/wp-content\/uploads\/2021\/08\/telegraphe-750x492.jpg 750w, https:\/\/amplietudes.fr\/wp-content\/uploads\/2021\/08\/telegraphe-400x263.jpg 400w, https:\/\/amplietudes.fr\/wp-content\/uploads\/2021\/08\/telegraphe-430x282.jpg 430w, https:\/\/amplietudes.fr\/wp-content\/uploads\/2021\/08\/telegraphe-150x98.jpg 150w, https:\/\/amplietudes.fr\/wp-content\/uploads\/2021\/08\/telegraphe-100x66.jpg 100w\" sizes=\"auto, (max-width: 1280px) 100vw, 1280px\" \/><\/figure>\n\n\n\n<figure class=\"wp-block-image size-full\"><img loading=\"lazy\" decoding=\"async\" width=\"2560\" height=\"1621\" data-id=\"243\" src=\"https:\/\/amplietudes.fr\/wp-content\/uploads\/2021\/08\/Pigeons_voyageurs-scaled.jpg\" alt=\"\" class=\"wp-image-243\" srcset=\"https:\/\/amplietudes.fr\/wp-content\/uploads\/2021\/08\/Pigeons_voyageurs-scaled.jpg 2560w, https:\/\/amplietudes.fr\/wp-content\/uploads\/2021\/08\/Pigeons_voyageurs-300x190.jpg 300w, https:\/\/amplietudes.fr\/wp-content\/uploads\/2021\/08\/Pigeons_voyageurs-1024x649.jpg 1024w, https:\/\/amplietudes.fr\/wp-content\/uploads\/2021\/08\/Pigeons_voyageurs-768x486.jpg 768w, https:\/\/amplietudes.fr\/wp-content\/uploads\/2021\/08\/Pigeons_voyageurs-1536x973.jpg 1536w, https:\/\/amplietudes.fr\/wp-content\/uploads\/2021\/08\/Pigeons_voyageurs-2048x1297.jpg 2048w, https:\/\/amplietudes.fr\/wp-content\/uploads\/2021\/08\/Pigeons_voyageurs-750x475.jpg 750w, https:\/\/amplietudes.fr\/wp-content\/uploads\/2021\/08\/Pigeons_voyageurs-400x253.jpg 400w, https:\/\/amplietudes.fr\/wp-content\/uploads\/2021\/08\/Pigeons_voyageurs-430x272.jpg 430w, https:\/\/amplietudes.fr\/wp-content\/uploads\/2021\/08\/Pigeons_voyageurs-150x95.jpg 150w, https:\/\/amplietudes.fr\/wp-content\/uploads\/2021\/08\/Pigeons_voyageurs-100x63.jpg 100w\" sizes=\"auto, (max-width: 2560px) 100vw, 2560px\" \/><\/figure>\n<\/figure>\n<\/div>\n\n\n\n<div class=\"wp-block-column is-layout-flow wp-block-column-is-layout-flow\" style=\"flex-basis:40%\">\n<div style=\"height:50px\" aria-hidden=\"true\" class=\"wp-block-spacer\"><\/div>\n\n\n\n<p class=\"has-text-align-center\">N&#8217;h\u00e9sitez pas \u00e0 nous joindre pour toute question relative \u00e0 votre projet.<\/p>\n\n\n\n<div style=\"height:50px\" aria-hidden=\"true\" class=\"wp-block-spacer\"><\/div>\n\n\n\n<div class=\"wp-block-columns is-layout-flex wp-container-core-columns-is-layout-9d6595d7 wp-block-columns-is-layout-flex\">\n<div class=\"wp-block-column is-vertically-aligned-center is-layout-flow wp-block-column-is-layout-flow\" style=\"flex-basis:15%\">\n<ul class=\"wp-block-social-links has-large-icon-size items-justified-right items-justified-center is-style-default is-layout-flex wp-block-social-links-is-layout-flex\"><li class=\"wp-social-link wp-social-link-mail  wp-block-social-link\"><a href=\"mailto:&#099;&#111;&#110;&#116;&#097;&#099;t&#064;&#097;&#109;&#112;&#108;&#105;e&#116;&#117;&#100;e&#115;.&#102;r\" class=\"wp-block-social-link-anchor\"><svg width=\"24\" height=\"24\" viewBox=\"0 0 24 24\" version=\"1.1\" xmlns=\"http:\/\/www.w3.org\/2000\/svg\" aria-hidden=\"true\" focusable=\"false\"><path d=\"M19,5H5c-1.1,0-2,.9-2,2v10c0,1.1.9,2,2,2h14c1.1,0,2-.9,2-2V7c0-1.1-.9-2-2-2zm.5,12c0,.3-.2.5-.5.5H5c-.3,0-.5-.2-.5-.5V9.8l7.5,5.6,7.5-5.6V17zm0-9.1L12,13.6,4.5,7.9V7c0-.3.2-.5.5-.5h14c.3,0,.5.2.5.5v.9z\"><\/path><\/svg><span class=\"wp-block-social-link-label screen-reader-text\">E-mail<\/span><\/a><\/li><\/ul>\n<\/div>\n\n\n\n<div class=\"wp-block-column is-vertically-aligned-center is-layout-flow wp-block-column-is-layout-flow\" style=\"flex-basis:95%\">\n<p><strong>contact@amplietudes.fr<\/strong><\/p>\n<\/div>\n<\/div>\n\n\n\n<div class=\"wp-block-columns is-layout-flex wp-container-core-columns-is-layout-9d6595d7 wp-block-columns-is-layout-flex\">\n<div class=\"wp-block-column is-vertically-aligned-center is-layout-flow wp-block-column-is-layout-flow\" style=\"flex-basis:15%\">\n<div class=\"wp-block-image\"><figure class=\"alignleft size-full is-resized\"><img loading=\"lazy\" decoding=\"async\" src=\"https:\/\/amplietudes.fr\/wp-content\/uploads\/2021\/08\/telephone-portable.png\" alt=\"\" class=\"wp-image-257\" width=\"50\" height=\"50\" srcset=\"https:\/\/amplietudes.fr\/wp-content\/uploads\/2021\/08\/telephone-portable.png 512w, https:\/\/amplietudes.fr\/wp-content\/uploads\/2021\/08\/telephone-portable-300x300.png 300w, https:\/\/amplietudes.fr\/wp-content\/uploads\/2021\/08\/telephone-portable-150x150.png 150w, https:\/\/amplietudes.fr\/wp-content\/uploads\/2021\/08\/telephone-portable-400x400.png 400w, https:\/\/amplietudes.fr\/wp-content\/uploads\/2021\/08\/telephone-portable-430x430.png 430w, https:\/\/amplietudes.fr\/wp-content\/uploads\/2021\/08\/telephone-portable-100x100.png 100w, https:\/\/amplietudes.fr\/wp-content\/uploads\/2021\/08\/telephone-portable-45x45.png 45w\" sizes=\"auto, (max-width: 50px) 100vw, 50px\" \/><\/figure><\/div>\n<\/div>\n\n\n\n<div class=\"wp-block-column is-vertically-aligned-center is-layout-flow wp-block-column-is-layout-flow\" style=\"flex-basis:95%\">\n<p class=\"has-text-align-left\"><strong>+33.6.10.80.53.36.<\/strong><\/p>\n<\/div>\n<\/div>\n<\/div>\n<\/div>\n\n\n\n<ul class=\"wp-block-social-links aligncenter has-large-icon-size has-icon-color has-icon-background-color items-justified-center items-justified-space-between is-style-pill-shape is-layout-flex wp-block-social-links-is-layout-flex\"><li style=\"color:#000000;background-color:#ffffff;\" class=\"wp-social-link wp-social-link-linkedin has-black-color has-white-background-color wp-block-social-link\"><a rel=\"noopener nofollow\" target=\"_blank\" href=\"https:\/\/www.linkedin.com\/in\/anne-marie-perea\/\" class=\"wp-block-social-link-anchor\"><svg width=\"24\" height=\"24\" viewBox=\"0 0 24 24\" version=\"1.1\" xmlns=\"http:\/\/www.w3.org\/2000\/svg\" aria-hidden=\"true\" focusable=\"false\"><path d=\"M19.7,3H4.3C3.582,3,3,3.582,3,4.3v15.4C3,20.418,3.582,21,4.3,21h15.4c0.718,0,1.3-0.582,1.3-1.3V4.3 C21,3.582,20.418,3,19.7,3z M8.339,18.338H5.667v-8.59h2.672V18.338z M7.004,8.574c-0.857,0-1.549-0.694-1.549-1.548 c0-0.855,0.691-1.548,1.549-1.548c0.854,0,1.547,0.694,1.547,1.548C8.551,7.881,7.858,8.574,7.004,8.574z M18.339,18.338h-2.669 v-4.177c0-0.996-0.017-2.278-1.387-2.278c-1.389,0-1.601,1.086-1.601,2.206v4.249h-2.667v-8.59h2.559v1.174h0.037 c0.356-0.675,1.227-1.387,2.526-1.387c2.703,0,3.203,1.779,3.203,4.092V18.338z\"><\/path><\/svg><span class=\"wp-block-social-link-label screen-reader-text\">LinkedIn<\/span><\/a><\/li>\n\n<li style=\"color:#000000;background-color:#ffffff;\" class=\"wp-social-link wp-social-link-facebook has-black-color has-white-background-color wp-block-social-link\"><a rel=\"noopener nofollow\" target=\"_blank\" href=\"https:\/\/www.facebook.com\/AmpliEtudes\" class=\"wp-block-social-link-anchor\"><svg width=\"24\" height=\"24\" viewBox=\"0 0 24 24\" version=\"1.1\" xmlns=\"http:\/\/www.w3.org\/2000\/svg\" aria-hidden=\"true\" focusable=\"false\"><path d=\"M12 2C6.5 2 2 6.5 2 12c0 5 3.7 9.1 8.4 9.9v-7H7.9V12h2.5V9.8c0-2.5 1.5-3.9 3.8-3.9 1.1 0 2.2.2 2.2.2v2.5h-1.3c-1.2 0-1.6.8-1.6 1.6V12h2.8l-.4 2.9h-2.3v7C18.3 21.1 22 17 22 12c0-5.5-4.5-10-10-10z\"><\/path><\/svg><span class=\"wp-block-social-link-label screen-reader-text\">Facebook<\/span><\/a><\/li>\n\n<li style=\"color:#000000;background-color:#ffffff;\" class=\"wp-social-link wp-social-link-google has-black-color has-white-background-color wp-block-social-link\"><a rel=\"noopener nofollow\" target=\"_blank\" href=\"https:\/\/g.co\/kgs\/iVKxbM\" class=\"wp-block-social-link-anchor\"><svg width=\"24\" height=\"24\" viewBox=\"0 0 24 24\" version=\"1.1\" xmlns=\"http:\/\/www.w3.org\/2000\/svg\" aria-hidden=\"true\" focusable=\"false\"><path d=\"M12.02,10.18v3.72v0.01h5.51c-0.26,1.57-1.67,4.22-5.5,4.22c-3.31,0-6.01-2.75-6.01-6.12s2.7-6.12,6.01-6.12 c1.87,0,3.13,0.8,3.85,1.48l2.84-2.76C16.99,2.99,14.73,2,12.03,2c-5.52,0-10,4.48-10,10s4.48,10,10,10c5.77,0,9.6-4.06,9.6-9.77 c0-0.83-0.11-1.42-0.25-2.05H12.02z\"><\/path><\/svg><span class=\"wp-block-social-link-label screen-reader-text\">Google<\/span><\/a><\/li><\/ul>\n","protected":false},"excerpt":{"rendered":"<p>Parce que tous les moyens sont bons pour nous contacter&#8230; N&#8217;h\u00e9sitez pas \u00e0 nous joindre pour toute question relative \u00e0 votre projet. contact@amplietudes.fr +33.6.10.80.53.36.<\/p>\n","protected":false},"author":1,"featured_media":0,"parent":0,"menu_order":0,"comment_status":"closed","ping_status":"closed","template":"page_fullwidth.php","meta":{"footnotes":""},"class_list":["post-40","page","type-page","status-publish","hentry"],"_links":{"self":[{"href":"https:\/\/amplietudes.fr\/index.php?rest_route=\/wp\/v2\/pages\/40","targetHints":{"allow":["GET"]}}],"collection":[{"href":"https:\/\/amplietudes.fr\/index.php?rest_route=\/wp\/v2\/pages"}],"about":[{"href":"https:\/\/amplietudes.fr\/index.php?rest_route=\/wp\/v2\/types\/page"}],"author":[{"embeddable":true,"href":"https:\/\/amplietudes.fr\/index.php?rest_route=\/wp\/v2\/users\/1"}],"replies":[{"embeddable":true,"href":"https:\/\/amplietudes.fr\/index.php?rest_route=%2Fwp%2Fv2%2Fcomments&post=40"}],"version-history":[{"count":29,"href":"https:\/\/amplietudes.fr\/index.php?rest_route=\/wp\/v2\/pages\/40\/revisions"}],"predecessor-version":[{"id":417,"href":"https:\/\/amplietudes.fr\/index.php?rest_route=\/wp\/v2\/pages\/40\/revisions\/417"}],"wp:attachment":[{"href":"https:\/\/amplietudes.fr\/index.php?rest_route=%2Fwp%2Fv2%2Fmedia&parent=40"}],"curies":[{"name":"wp","href":"https:\/\/api.w.org\/{rel}","templated":true}]}}