{"id":39,"date":"2021-08-18T02:34:46","date_gmt":"2021-08-18T00:34:46","guid":{"rendered":"https:\/\/amplietudes.fr\/?page_id=39"},"modified":"2022-01-23T00:58:58","modified_gmt":"2022-01-22T23:58:58","slug":"nos-prestations","status":"publish","type":"page","link":"https:\/\/amplietudes.fr\/?page_id=39","title":{"rendered":"Nos Prestations"},"content":{"rendered":"\n<div style=\"height:50px\" aria-hidden=\"true\" class=\"wp-block-spacer\"><\/div>\n\n\n\n<div class=\"wp-block-image\"><figure class=\"aligncenter size-full is-resized\"><img loading=\"lazy\" decoding=\"async\" src=\"https:\/\/amplietudes.fr\/wp-content\/uploads\/2021\/08\/Casques-de-chantier.png\" alt=\"\" class=\"wp-image-275\" width=\"503\" height=\"422\" srcset=\"https:\/\/amplietudes.fr\/wp-content\/uploads\/2021\/08\/Casques-de-chantier.png 940w, https:\/\/amplietudes.fr\/wp-content\/uploads\/2021\/08\/Casques-de-chantier-300x251.png 300w, https:\/\/amplietudes.fr\/wp-content\/uploads\/2021\/08\/Casques-de-chantier-768x644.png 768w, https:\/\/amplietudes.fr\/wp-content\/uploads\/2021\/08\/Casques-de-chantier-750x629.png 750w, https:\/\/amplietudes.fr\/wp-content\/uploads\/2021\/08\/Casques-de-chantier-400x335.png 400w, https:\/\/amplietudes.fr\/wp-content\/uploads\/2021\/08\/Casques-de-chantier-430x360.png 430w, https:\/\/amplietudes.fr\/wp-content\/uploads\/2021\/08\/Casques-de-chantier-150x126.png 150w, https:\/\/amplietudes.fr\/wp-content\/uploads\/2021\/08\/Casques-de-chantier-100x84.png 100w\" sizes=\"auto, (max-width: 503px) 100vw, 503px\" \/><\/figure><\/div>\n\n\n\n<div style=\"height:50px\" aria-hidden=\"true\" class=\"wp-block-spacer\"><\/div>\n\n\n\n<h3 class=\"has-text-align-left wp-block-heading\">Ma\u00eetres d&#8217;Ouvrage<\/h3>\n\n\n\n<div style=\"height:20px\" aria-hidden=\"true\" class=\"wp-block-spacer\"><\/div>\n\n\n\n<div class=\"wp-block-columns is-layout-flex wp-container-core-columns-is-layout-9d6595d7 wp-block-columns-is-layout-flex\">\n<div class=\"wp-block-column is-layout-flow wp-block-column-is-layout-flow\" style=\"flex-basis:33.33%\">\n<div class=\"wp-block-image is-style-default\"><figure class=\"aligncenter size-full is-resized\"><img loading=\"lazy\" decoding=\"async\" src=\"https:\/\/amplietudes.fr\/wp-content\/uploads\/2021\/08\/maison.png\" alt=\"\" class=\"wp-image-273\" width=\"267\" height=\"267\" srcset=\"https:\/\/amplietudes.fr\/wp-content\/uploads\/2021\/08\/maison.png 500w, https:\/\/amplietudes.fr\/wp-content\/uploads\/2021\/08\/maison-300x300.png 300w, https:\/\/amplietudes.fr\/wp-content\/uploads\/2021\/08\/maison-150x150.png 150w, https:\/\/amplietudes.fr\/wp-content\/uploads\/2021\/08\/maison-400x400.png 400w, https:\/\/amplietudes.fr\/wp-content\/uploads\/2021\/08\/maison-430x430.png 430w, https:\/\/amplietudes.fr\/wp-content\/uploads\/2021\/08\/maison-100x100.png 100w, https:\/\/amplietudes.fr\/wp-content\/uploads\/2021\/08\/maison-45x45.png 45w\" sizes=\"auto, (max-width: 267px) 100vw, 267px\" \/><\/figure><\/div>\n<\/div>\n\n\n\n<div class=\"wp-block-column is-vertically-aligned-center is-layout-flow wp-block-column-is-layout-flow\" style=\"flex-basis:66.66%\">\n<p>Si vous \u00eates <strong>Particulier<\/strong>, nous vous accompagnons dans votre projet de construction ou de r\u00e9novation\/agrandissement, en r\u00e9alisant les documents n\u00e9cessaires au d\u00e9p\u00f4t de votre Permis de Construire (Attestation Bbio). Nous pouvons \u00e9galement vous assister dans les phases ult\u00e9rieures de votre projet.<\/p>\n<\/div>\n<\/div>\n\n\n\n<div class=\"wp-block-columns is-layout-flex wp-container-core-columns-is-layout-9d6595d7 wp-block-columns-is-layout-flex\">\n<div class=\"wp-block-column is-layout-flow wp-block-column-is-layout-flow\" style=\"flex-basis:33.33%\">\n<figure class=\"wp-block-image size-full is-style-default\"><img loading=\"lazy\" decoding=\"async\" width=\"2560\" height=\"1707\" src=\"https:\/\/amplietudes.fr\/wp-content\/uploads\/2021\/08\/ben-allan-BIeC4YK2MTA-unsplash-scaled.jpg\" alt=\"\" class=\"wp-image-274\" srcset=\"https:\/\/amplietudes.fr\/wp-content\/uploads\/2021\/08\/ben-allan-BIeC4YK2MTA-unsplash-scaled.jpg 2560w, https:\/\/amplietudes.fr\/wp-content\/uploads\/2021\/08\/ben-allan-BIeC4YK2MTA-unsplash-300x200.jpg 300w, https:\/\/amplietudes.fr\/wp-content\/uploads\/2021\/08\/ben-allan-BIeC4YK2MTA-unsplash-1024x683.jpg 1024w, https:\/\/amplietudes.fr\/wp-content\/uploads\/2021\/08\/ben-allan-BIeC4YK2MTA-unsplash-768x512.jpg 768w, https:\/\/amplietudes.fr\/wp-content\/uploads\/2021\/08\/ben-allan-BIeC4YK2MTA-unsplash-1536x1024.jpg 1536w, https:\/\/amplietudes.fr\/wp-content\/uploads\/2021\/08\/ben-allan-BIeC4YK2MTA-unsplash-2048x1365.jpg 2048w, https:\/\/amplietudes.fr\/wp-content\/uploads\/2021\/08\/ben-allan-BIeC4YK2MTA-unsplash-750x500.jpg 750w, https:\/\/amplietudes.fr\/wp-content\/uploads\/2021\/08\/ben-allan-BIeC4YK2MTA-unsplash-400x267.jpg 400w, https:\/\/amplietudes.fr\/wp-content\/uploads\/2021\/08\/ben-allan-BIeC4YK2MTA-unsplash-430x287.jpg 430w, https:\/\/amplietudes.fr\/wp-content\/uploads\/2021\/08\/ben-allan-BIeC4YK2MTA-unsplash-150x100.jpg 150w, https:\/\/amplietudes.fr\/wp-content\/uploads\/2021\/08\/ben-allan-BIeC4YK2MTA-unsplash-100x67.jpg 100w, https:\/\/amplietudes.fr\/wp-content\/uploads\/2021\/08\/ben-allan-BIeC4YK2MTA-unsplash-272x182.jpg 272w\" sizes=\"auto, (max-width: 2560px) 100vw, 2560px\" \/><\/figure>\n<\/div>\n\n\n\n<div class=\"wp-block-column is-vertically-aligned-center is-layout-flow wp-block-column-is-layout-flow\" style=\"flex-basis:66.66%\">\n<p>Si vous \u00eates <strong>Promoteur Immobilier<\/strong>, nous vous proposons la r\u00e9alisation de vos \u00e9tudes thermiques r\u00e9glementaires conformes \u00e0 vos objectifs budg\u00e9taires, constructifs et environnementaux, en vous assurant un accompagnement r\u00e9actif et adapt\u00e9 \u00e0 vos contraintes.<\/p>\n<\/div>\n<\/div>\n\n\n\n<div style=\"height:20px\" aria-hidden=\"true\" class=\"wp-block-spacer\"><\/div>\n\n\n\n<h3 class=\"has-text-align-left wp-block-heading\">Ma\u00eetres d&#8217;Oeuvre<\/h3>\n\n\n\n<div style=\"height:20px\" aria-hidden=\"true\" class=\"wp-block-spacer\"><\/div>\n\n\n\n<div class=\"wp-block-columns is-layout-flex wp-container-core-columns-is-layout-9d6595d7 wp-block-columns-is-layout-flex\">\n<div class=\"wp-block-column is-layout-flow wp-block-column-is-layout-flow\" style=\"flex-basis:33.33%\">\n<figure class=\"wp-block-gallery columns-1 is-cropped wp-block-gallery-1 is-layout-flex wp-block-gallery-is-layout-flex\"><ul class=\"blocks-gallery-grid\"><li class=\"blocks-gallery-item\"><figure><img loading=\"lazy\" decoding=\"async\" width=\"900\" height=\"599\" src=\"https:\/\/amplietudes.fr\/wp-content\/uploads\/2021\/08\/archi.jpg\" alt=\"\" data-id=\"122\" data-full-url=\"https:\/\/amplietudes.fr\/wp-content\/uploads\/2021\/08\/archi.jpg\" data-link=\"https:\/\/amplietudes.fr\/?attachment_id=122\" class=\"wp-image-122\" srcset=\"https:\/\/amplietudes.fr\/wp-content\/uploads\/2021\/08\/archi.jpg 900w, https:\/\/amplietudes.fr\/wp-content\/uploads\/2021\/08\/archi-300x200.jpg 300w, https:\/\/amplietudes.fr\/wp-content\/uploads\/2021\/08\/archi-768x511.jpg 768w, https:\/\/amplietudes.fr\/wp-content\/uploads\/2021\/08\/archi-750x499.jpg 750w, https:\/\/amplietudes.fr\/wp-content\/uploads\/2021\/08\/archi-400x266.jpg 400w, https:\/\/amplietudes.fr\/wp-content\/uploads\/2021\/08\/archi-430x286.jpg 430w, https:\/\/amplietudes.fr\/wp-content\/uploads\/2021\/08\/archi-150x100.jpg 150w, https:\/\/amplietudes.fr\/wp-content\/uploads\/2021\/08\/archi-100x67.jpg 100w, https:\/\/amplietudes.fr\/wp-content\/uploads\/2021\/08\/archi-272x182.jpg 272w\" sizes=\"auto, (max-width: 900px) 100vw, 900px\" \/><\/figure><\/li><li class=\"blocks-gallery-item\"><figure><img loading=\"lazy\" decoding=\"async\" width=\"769\" height=\"514\" src=\"https:\/\/amplietudes.fr\/wp-content\/uploads\/2021\/08\/Travail-ensemble.png\" alt=\"\" data-id=\"149\" data-full-url=\"https:\/\/amplietudes.fr\/wp-content\/uploads\/2021\/08\/Travail-ensemble.png\" data-link=\"https:\/\/amplietudes.fr\/?attachment_id=149\" class=\"wp-image-149\" srcset=\"https:\/\/amplietudes.fr\/wp-content\/uploads\/2021\/08\/Travail-ensemble.png 769w, https:\/\/amplietudes.fr\/wp-content\/uploads\/2021\/08\/Travail-ensemble-300x201.png 300w, https:\/\/amplietudes.fr\/wp-content\/uploads\/2021\/08\/Travail-ensemble-750x501.png 750w, https:\/\/amplietudes.fr\/wp-content\/uploads\/2021\/08\/Travail-ensemble-400x267.png 400w, https:\/\/amplietudes.fr\/wp-content\/uploads\/2021\/08\/Travail-ensemble-430x287.png 430w, https:\/\/amplietudes.fr\/wp-content\/uploads\/2021\/08\/Travail-ensemble-150x100.png 150w, https:\/\/amplietudes.fr\/wp-content\/uploads\/2021\/08\/Travail-ensemble-100x67.png 100w, https:\/\/amplietudes.fr\/wp-content\/uploads\/2021\/08\/Travail-ensemble-272x182.png 272w\" sizes=\"auto, (max-width: 769px) 100vw, 769px\" \/><\/figure><\/li><\/ul><\/figure>\n<\/div>\n\n\n\n<div class=\"wp-block-column is-vertically-aligned-center is-layout-flow wp-block-column-is-layout-flow\" style=\"flex-basis:66.66%\">\n<p>Si vous \u00eates <strong>Architecte<\/strong> ou <strong>Bureau d&#8217;Etudes Fluides<\/strong>, nous pourrons ensemble proposer une \u00e9quipe comp\u00e9tente d&#8217;experts \u00e0 vos clients.<\/p>\n\n\n\n<p>Nous r\u00e9aliserons les documents et \u00e9tudes relatives \u00e0 la partie thermique de vos projets, tout en respectant vos contraintes techniques, budg\u00e9taires et environnementales et en vous accompagnant dans vos choix constructifs et techniques.<\/p>\n<\/div>\n<\/div>\n\n\n\n<div style=\"height:20px\" aria-hidden=\"true\" class=\"wp-block-spacer\"><\/div>\n\n\n\n<h3 class=\"has-text-align-left wp-block-heading\">Entreprises<\/h3>\n\n\n\n<div style=\"height:20px\" aria-hidden=\"true\" class=\"wp-block-spacer\"><\/div>\n\n\n\n<div class=\"wp-block-columns is-layout-flex wp-container-core-columns-is-layout-9d6595d7 wp-block-columns-is-layout-flex\">\n<div class=\"wp-block-column is-layout-flow wp-block-column-is-layout-flow\" style=\"flex-basis:33.33%\">\n<figure class=\"wp-block-image size-full\"><img loading=\"lazy\" decoding=\"async\" width=\"500\" height=\"500\" src=\"https:\/\/amplietudes.fr\/wp-content\/uploads\/2021\/08\/Entreprise.png\" alt=\"\" class=\"wp-image-134\" srcset=\"https:\/\/amplietudes.fr\/wp-content\/uploads\/2021\/08\/Entreprise.png 500w, https:\/\/amplietudes.fr\/wp-content\/uploads\/2021\/08\/Entreprise-300x300.png 300w, https:\/\/amplietudes.fr\/wp-content\/uploads\/2021\/08\/Entreprise-150x150.png 150w, https:\/\/amplietudes.fr\/wp-content\/uploads\/2021\/08\/Entreprise-400x400.png 400w, https:\/\/amplietudes.fr\/wp-content\/uploads\/2021\/08\/Entreprise-430x430.png 430w, https:\/\/amplietudes.fr\/wp-content\/uploads\/2021\/08\/Entreprise-100x100.png 100w, https:\/\/amplietudes.fr\/wp-content\/uploads\/2021\/08\/Entreprise-45x45.png 45w\" sizes=\"auto, (max-width: 500px) 100vw, 500px\" \/><\/figure>\n<\/div>\n\n\n\n<div class=\"wp-block-column is-vertically-aligned-center is-layout-flow wp-block-column-is-layout-flow\" style=\"flex-basis:66.66%\">\n<p>Si vous \u00eates une <strong>Entreprise<\/strong> et que vous souhaitez proposer une solution \u00e9quivalente \u00e0 vos clients, nous pouvons assurer la conformit\u00e9 de vos propositions techniques vis \u00e0 vis des \u00e9tudes thermiques d\u00e9j\u00e0 r\u00e9alis\u00e9es, en d\u00e9montrant le respect les objectifs r\u00e9glementaires vis\u00e9s dans les phases ant\u00e9rieures du projet.<\/p>\n\n\n\n<p>Nous vous proposons \u00e9galement la r\u00e9alisation d&#8217;\u00e9tudes thermiques, sans aspect r\u00e9glementaire, pi\u00e8ce par pi\u00e8ce, pour vos dimensionnements. <\/p>\n<\/div>\n<\/div>\n\n\n\n<div style=\"height:20px\" aria-hidden=\"true\" class=\"wp-block-spacer\"><\/div>\n\n\n\n<h3 class=\"has-text-align-left wp-block-heading\">Sous Traitance<\/h3>\n\n\n\n<div style=\"height:20px\" aria-hidden=\"true\" class=\"wp-block-spacer\"><\/div>\n\n\n\n<div class=\"wp-block-columns is-layout-flex wp-container-core-columns-is-layout-9d6595d7 wp-block-columns-is-layout-flex\">\n<div class=\"wp-block-column is-layout-flow wp-block-column-is-layout-flow\" style=\"flex-basis:33.33%\">\n<figure class=\"wp-block-image size-large\"><img loading=\"lazy\" decoding=\"async\" width=\"1024\" height=\"683\" src=\"https:\/\/amplietudes.fr\/wp-content\/uploads\/2021\/08\/sous-traitance-1024x683.jpg\" alt=\"\" class=\"wp-image-276\" srcset=\"https:\/\/amplietudes.fr\/wp-content\/uploads\/2021\/08\/sous-traitance-1024x683.jpg 1024w, https:\/\/amplietudes.fr\/wp-content\/uploads\/2021\/08\/sous-traitance-300x200.jpg 300w, https:\/\/amplietudes.fr\/wp-content\/uploads\/2021\/08\/sous-traitance-768x512.jpg 768w, https:\/\/amplietudes.fr\/wp-content\/uploads\/2021\/08\/sous-traitance-1536x1024.jpg 1536w, https:\/\/amplietudes.fr\/wp-content\/uploads\/2021\/08\/sous-traitance-2048x1365.jpg 2048w, https:\/\/amplietudes.fr\/wp-content\/uploads\/2021\/08\/sous-traitance-750x500.jpg 750w, https:\/\/amplietudes.fr\/wp-content\/uploads\/2021\/08\/sous-traitance-400x267.jpg 400w, https:\/\/amplietudes.fr\/wp-content\/uploads\/2021\/08\/sous-traitance-430x287.jpg 430w, https:\/\/amplietudes.fr\/wp-content\/uploads\/2021\/08\/sous-traitance-150x100.jpg 150w, https:\/\/amplietudes.fr\/wp-content\/uploads\/2021\/08\/sous-traitance-100x67.jpg 100w, https:\/\/amplietudes.fr\/wp-content\/uploads\/2021\/08\/sous-traitance-272x182.jpg 272w\" sizes=\"auto, (max-width: 1024px) 100vw, 1024px\" \/><\/figure>\n<\/div>\n\n\n\n<div class=\"wp-block-column is-vertically-aligned-center is-layout-flow wp-block-column-is-layout-flow\" style=\"flex-basis:66.66%\">\n<p>Vous \u00eates <strong>Bureau d&#8217;Etudes Fluides<\/strong> et vous n&#8217;avez pas de sp\u00e9cialiste en Thermique?<\/p>\n\n\n\n<p>Vous \u00eates <strong>Bureau d&#8217;Etudes Thermiques<\/strong> et votre charge de travail ne vous permet pas de satisfaire votre client?<\/p>\n\n\n\n<p>Les demandes de vos clients pourront \u00e0 tout moment \u00eatre honor\u00e9es.<\/p>\n<\/div>\n<\/div>\n\n\n\n<div style=\"height:20px\" aria-hidden=\"true\" class=\"wp-block-spacer\"><\/div>\n\n\n\n<h3 class=\"has-text-align-left wp-block-heading\">Et pour d&#8217;autres demandes&#8230;<\/h3>\n\n\n\n<div style=\"height:20px\" aria-hidden=\"true\" class=\"wp-block-spacer\"><\/div>\n\n\n\n<div class=\"wp-block-columns is-layout-flex wp-container-core-columns-is-layout-9d6595d7 wp-block-columns-is-layout-flex\">\n<div class=\"wp-block-column is-layout-flow wp-block-column-is-layout-flow\" style=\"flex-basis:33.33%\">\n<figure class=\"wp-block-image size-large\"><img loading=\"lazy\" decoding=\"async\" width=\"1024\" height=\"683\" src=\"https:\/\/amplietudes.fr\/wp-content\/uploads\/2021\/08\/partenaires-1024x683.jpg\" alt=\"\" class=\"wp-image-277\" srcset=\"https:\/\/amplietudes.fr\/wp-content\/uploads\/2021\/08\/partenaires-1024x683.jpg 1024w, https:\/\/amplietudes.fr\/wp-content\/uploads\/2021\/08\/partenaires-300x200.jpg 300w, https:\/\/amplietudes.fr\/wp-content\/uploads\/2021\/08\/partenaires-768x512.jpg 768w, https:\/\/amplietudes.fr\/wp-content\/uploads\/2021\/08\/partenaires-1536x1024.jpg 1536w, https:\/\/amplietudes.fr\/wp-content\/uploads\/2021\/08\/partenaires-2048x1365.jpg 2048w, https:\/\/amplietudes.fr\/wp-content\/uploads\/2021\/08\/partenaires-750x500.jpg 750w, https:\/\/amplietudes.fr\/wp-content\/uploads\/2021\/08\/partenaires-400x267.jpg 400w, https:\/\/amplietudes.fr\/wp-content\/uploads\/2021\/08\/partenaires-430x287.jpg 430w, https:\/\/amplietudes.fr\/wp-content\/uploads\/2021\/08\/partenaires-150x100.jpg 150w, https:\/\/amplietudes.fr\/wp-content\/uploads\/2021\/08\/partenaires-100x67.jpg 100w, https:\/\/amplietudes.fr\/wp-content\/uploads\/2021\/08\/partenaires-272x182.jpg 272w\" sizes=\"auto, (max-width: 1024px) 100vw, 1024px\" \/><\/figure>\n<\/div>\n\n\n\n<div class=\"wp-block-column is-vertically-aligned-center is-layout-flow wp-block-column-is-layout-flow\" style=\"flex-basis:66.66%\">\n<p class=\"has-text-align-left\">Nous nous sommes entour\u00e9s d&#8217;une \u00e9quipe de partenaires ambitieux, innovants et dynamiques, qui pourront, sans nul doute, vous accompagner sur d&#8217;autres aspects techniques de vos projets.<\/p>\n<\/div>\n<\/div>\n","protected":false},"excerpt":{"rendered":"<p>Ma\u00eetres d&#8217;Ouvrage Si vous \u00eates Particulier, nous vous accompagnons dans votre projet de construction ou de r\u00e9novation\/agrandissement, en r\u00e9alisant les documents n\u00e9cessaires au d\u00e9p\u00f4t de votre Permis de Construire (Attestation [&hellip;]<\/p>\n","protected":false},"author":1,"featured_media":0,"parent":0,"menu_order":0,"comment_status":"closed","ping_status":"closed","template":"page_fullwidth.php","meta":{"footnotes":""},"class_list":["post-39","page","type-page","status-publish","hentry"],"_links":{"self":[{"href":"https:\/\/amplietudes.fr\/index.php?rest_route=\/wp\/v2\/pages\/39","targetHints":{"allow":["GET"]}}],"collection":[{"href":"https:\/\/amplietudes.fr\/index.php?rest_route=\/wp\/v2\/pages"}],"about":[{"href":"https:\/\/amplietudes.fr\/index.php?rest_route=\/wp\/v2\/types\/page"}],"author":[{"embeddable":true,"href":"https:\/\/amplietudes.fr\/index.php?rest_route=\/wp\/v2\/users\/1"}],"replies":[{"embeddable":true,"href":"https:\/\/amplietudes.fr\/index.php?rest_route=%2Fwp%2Fv2%2Fcomments&post=39"}],"version-history":[{"count":6,"href":"https:\/\/amplietudes.fr\/index.php?rest_route=\/wp\/v2\/pages\/39\/revisions"}],"predecessor-version":[{"id":342,"href":"https:\/\/amplietudes.fr\/index.php?rest_route=\/wp\/v2\/pages\/39\/revisions\/342"}],"wp:attachment":[{"href":"https:\/\/amplietudes.fr\/index.php?rest_route=%2Fwp%2Fv2%2Fmedia&parent=39"}],"curies":[{"name":"wp","href":"https:\/\/api.w.org\/{rel}","templated":true}]}}