{"id":38,"date":"2021-08-15T02:37:21","date_gmt":"2021-08-15T00:37:21","guid":{"rendered":"https:\/\/amplietudes.fr\/?page_id=38"},"modified":"2022-01-23T00:58:01","modified_gmt":"2022-01-22T23:58:01","slug":"a-propos","status":"publish","type":"page","link":"https:\/\/amplietudes.fr\/?page_id=38","title":{"rendered":"A Propos"},"content":{"rendered":"\n<div class=\"wp-block-columns is-layout-flex wp-container-core-columns-is-layout-9d6595d7 wp-block-columns-is-layout-flex\">\n<div class=\"wp-block-column is-layout-flow wp-block-column-is-layout-flow\" style=\"flex-basis:50%\">\n<div style=\"height:200px\" aria-hidden=\"true\" class=\"wp-block-spacer\"><\/div>\n\n\n\n<div class=\"wp-block-image\"><figure class=\"aligncenter size-full is-resized\"><img loading=\"lazy\" decoding=\"async\" src=\"https:\/\/amplietudes.fr\/wp-content\/uploads\/2021\/08\/Clin-doeil.png\" alt=\"\" class=\"wp-image-127\" width=\"350\" height=\"469\" srcset=\"https:\/\/amplietudes.fr\/wp-content\/uploads\/2021\/08\/Clin-doeil.png 466w, https:\/\/amplietudes.fr\/wp-content\/uploads\/2021\/08\/Clin-doeil-224x300.png 224w, https:\/\/amplietudes.fr\/wp-content\/uploads\/2021\/08\/Clin-doeil-400x536.png 400w, https:\/\/amplietudes.fr\/wp-content\/uploads\/2021\/08\/Clin-doeil-430x577.png 430w, https:\/\/amplietudes.fr\/wp-content\/uploads\/2021\/08\/Clin-doeil-150x201.png 150w, https:\/\/amplietudes.fr\/wp-content\/uploads\/2021\/08\/Clin-doeil-100x134.png 100w\" sizes=\"auto, (max-width: 350px) 100vw, 350px\" \/><\/figure><\/div>\n<\/div>\n\n\n\n<div class=\"wp-block-column is-layout-flow wp-block-column-is-layout-flow\" style=\"flex-basis:50%\">\n<div style=\"height:20px\" aria-hidden=\"true\" class=\"wp-block-spacer\"><\/div>\n\n\n\n<p class=\"has-text-align-center\">Anne Marie PEREA<\/p>\n\n\n\n<p class=\"has-text-align-center\">Fondatrice de <strong>Ampli[E]tudes<\/strong><\/p>\n\n\n\n<hr class=\"wp-block-separator has-text-color has-background is-style-wide\" style=\"background-color:#757d83;color:#757d83\"\/>\n\n\n\n<p class=\"has-text-align-center\">Ing\u00e9nieur dipl\u00f4m\u00e9e de Polytech&#8217;Marseille et titulaire d&#8217;un D.E.A. en M\u00e9canique \u00c9nerg\u00e9tique depuis 2004, j&#8217;ai occup\u00e9, d\u00e8s l&#8217;obtention de ces titres, le poste d&#8217;<strong>Ing\u00e9nieur Thermicien<\/strong>, Charg\u00e9e d&#8217;Affaires, au sein de diff\u00e9rents B.E.T. Fluides \u00e0 \u00e9chelle familiale.<\/p>\n\n\n\n<p class=\"has-text-align-center\">Exercer dans ce type de petites structures o\u00f9 peu de moyens humains sont pr\u00e9sents, m&#8217;a permis de tirer profit de ces exp\u00e9riences en \u00e9voluant et progressant de mani\u00e8re <strong>autonome<\/strong>. Une polyvalence technique (\u00e9tudes, plans fluides, dimensionnements,&#8230;) a donc vite \u00e9t\u00e9 n\u00e9cessaire, afin de mener le plus irr\u00e9prochablement possible les dossiers pour lesquels j&#8217;\u00e9tais en charge et ainsi, satisfaire mes clients.<\/p>\n\n\n\n<p class=\"has-text-align-center\">J&#8217;ai de plus pris conscience qu&#8217;il n&#8217;existait pas de st\u00e9r\u00e9otype d&#8217;\u00e9tude ni de projet, que l&#8217;unicit\u00e9 de chaque client, de chacun de ses besoins et\/ou contraintes, et de chaque dossier, devait \u00eatre mis en avant.<\/p>\n\n\n\n<p class=\"has-text-align-center\">C&#8217;est ainsi, qu&#8217;encourag\u00e9e et propuls\u00e9e par la plupart de mes fid\u00e8les clients et collaborateurs, je d\u00e9cide enfin de cr\u00e9er une structure qui me ressemble et en parfaite ad\u00e9quation avec mes valeurs.<\/p>\n\n\n\n<p class=\"has-text-align-center\"><strong>Ampli[E]tudes<\/strong> a donc point\u00e9 le bout de son nez&#8230;<\/p>\n<\/div>\n<\/div>\n","protected":false},"excerpt":{"rendered":"<p>Anne Marie PEREA Fondatrice de Ampli[E]tudes Ing\u00e9nieur dipl\u00f4m\u00e9e de Polytech&#8217;Marseille et titulaire d&#8217;un D.E.A. en M\u00e9canique \u00c9nerg\u00e9tique depuis 2004, j&#8217;ai occup\u00e9, d\u00e8s l&#8217;obtention de ces titres, le poste d&#8217;Ing\u00e9nieur Thermicien, [&hellip;]<\/p>\n","protected":false},"author":1,"featured_media":0,"parent":0,"menu_order":0,"comment_status":"closed","ping_status":"closed","template":"page_fullwidth.php","meta":{"footnotes":""},"class_list":["post-38","page","type-page","status-publish","hentry"],"_links":{"self":[{"href":"https:\/\/amplietudes.fr\/index.php?rest_route=\/wp\/v2\/pages\/38","targetHints":{"allow":["GET"]}}],"collection":[{"href":"https:\/\/amplietudes.fr\/index.php?rest_route=\/wp\/v2\/pages"}],"about":[{"href":"https:\/\/amplietudes.fr\/index.php?rest_route=\/wp\/v2\/types\/page"}],"author":[{"embeddable":true,"href":"https:\/\/amplietudes.fr\/index.php?rest_route=\/wp\/v2\/users\/1"}],"replies":[{"embeddable":true,"href":"https:\/\/amplietudes.fr\/index.php?rest_route=%2Fwp%2Fv2%2Fcomments&post=38"}],"version-history":[{"count":14,"href":"https:\/\/amplietudes.fr\/index.php?rest_route=\/wp\/v2\/pages\/38\/revisions"}],"predecessor-version":[{"id":335,"href":"https:\/\/amplietudes.fr\/index.php?rest_route=\/wp\/v2\/pages\/38\/revisions\/335"}],"wp:attachment":[{"href":"https:\/\/amplietudes.fr\/index.php?rest_route=%2Fwp%2Fv2%2Fmedia&parent=38"}],"curies":[{"name":"wp","href":"https:\/\/api.w.org\/{rel}","templated":true}]}}