{"id":175,"date":"2021-08-18T00:22:29","date_gmt":"2021-08-17T22:22:29","guid":{"rendered":"https:\/\/amplietudes.fr\/?page_id=175"},"modified":"2022-01-23T18:39:35","modified_gmt":"2022-01-23T17:39:35","slug":"accueil-2","status":"publish","type":"page","link":"https:\/\/amplietudes.fr\/","title":{"rendered":"Accueil"},"content":{"rendered":"\n<div style=\"height:56px\" aria-hidden=\"true\" class=\"wp-block-spacer\"><\/div>\n\n\n\n<h3 class=\"has-text-align-center wp-block-heading\">Notre d\u00e9fi : Trouver LA solution qui vous correspond&#8230;<\/h3>\n\n\n\n<p class=\"has-medium-font-size\">                                                                        <\/p>\n\n\n\n<div style=\"height:25px\" aria-hidden=\"true\" class=\"wp-block-spacer\"><\/div>\n\n\n\n<div class=\"wp-block-columns is-layout-flex wp-container-core-columns-is-layout-9d6595d7 wp-block-columns-is-layout-flex\">\n<div class=\"wp-block-column is-vertically-aligned-center is-layout-flow wp-block-column-is-layout-flow\">\n<div class=\"wp-block-image\"><figure class=\"aligncenter size-large\"><img loading=\"lazy\" decoding=\"async\" width=\"1024\" height=\"575\" src=\"https:\/\/amplietudes.fr\/wp-content\/uploads\/2021\/08\/SONCASE-2-1024x575.jpg\" alt=\"\" class=\"wp-image-161\" srcset=\"https:\/\/amplietudes.fr\/wp-content\/uploads\/2021\/08\/SONCASE-2-1024x575.jpg 1024w, https:\/\/amplietudes.fr\/wp-content\/uploads\/2021\/08\/SONCASE-2-300x169.jpg 300w, https:\/\/amplietudes.fr\/wp-content\/uploads\/2021\/08\/SONCASE-2-768x432.jpg 768w, https:\/\/amplietudes.fr\/wp-content\/uploads\/2021\/08\/SONCASE-2-750x421.jpg 750w, https:\/\/amplietudes.fr\/wp-content\/uploads\/2021\/08\/SONCASE-2-400x225.jpg 400w, https:\/\/amplietudes.fr\/wp-content\/uploads\/2021\/08\/SONCASE-2-430x242.jpg 430w, https:\/\/amplietudes.fr\/wp-content\/uploads\/2021\/08\/SONCASE-2-150x84.jpg 150w, https:\/\/amplietudes.fr\/wp-content\/uploads\/2021\/08\/SONCASE-2-100x56.jpg 100w, https:\/\/amplietudes.fr\/wp-content\/uploads\/2021\/08\/SONCASE-2.jpg 1050w\" sizes=\"auto, (max-width: 1024px) 100vw, 1024px\" \/><\/figure><\/div>\n<\/div>\n\n\n\n<div class=\"wp-block-column is-vertically-aligned-center is-layout-flow wp-block-column-is-layout-flow\">\n<p class=\"has-text-align-left\">Consciente de la diversit\u00e9 des acteurs de la construction et de leurs pr\u00e9occupations, une offre totalement adapt\u00e9e \u00e0 vos besoins et vos contraintes est \u00e9tudi\u00e9e et vous est propos\u00e9e, afin que nous puissions, <strong>ensemble<\/strong>, concevoir et concr\u00e9tiser un projet, \u00e0 l&#8217;image de vos attentes.<\/p>\n<\/div>\n<\/div>\n\n\n\n<div style=\"height:20px\" aria-hidden=\"true\" class=\"wp-block-spacer\"><\/div>\n\n\n\n<hr class=\"wp-block-separator has-text-color has-background has-black-background-color has-black-color is-style-default\"\/>\n\n\n\n<div style=\"height:20px\" aria-hidden=\"true\" class=\"wp-block-spacer\"><\/div>\n\n\n\n<div class=\"wp-block-columns is-layout-flex wp-container-core-columns-is-layout-9d6595d7 wp-block-columns-is-layout-flex\">\n<div class=\"wp-block-column is-layout-flow wp-block-column-is-layout-flow\">\n<h4 class=\"has-text-align-center wp-block-heading\"><strong>A PROPOS<\/strong><\/h4>\n<\/div>\n\n\n\n<div class=\"wp-block-column is-layout-flow wp-block-column-is-layout-flow\">\n<h4 class=\"has-text-align-center wp-block-heading\"><strong>NOS PRESTATIONS<\/strong><\/h4>\n<\/div>\n\n\n\n<div class=\"wp-block-column is-layout-flow wp-block-column-is-layout-flow\">\n<h4 class=\"has-text-align-center wp-block-heading\"><strong>CONTACT<\/strong><\/h4>\n<\/div>\n<\/div>\n\n\n\n<div style=\"height:10px\" aria-hidden=\"true\" class=\"wp-block-spacer\"><\/div>\n\n\n\n<div class=\"wp-block-columns is-layout-flex wp-container-core-columns-is-layout-9d6595d7 wp-block-columns-is-layout-flex\">\n<div class=\"wp-block-column is-layout-flow wp-block-column-is-layout-flow\">\n<figure class=\"wp-block-image size-full is-style-rounded\"><a href=\"https:\/\/amplietudes.fr\/?page_id=38\" target=\"_blank\" rel=\"noopener\"><img loading=\"lazy\" decoding=\"async\" width=\"940\" height=\"788\" src=\"https:\/\/amplietudes.fr\/wp-content\/uploads\/2021\/08\/cropped-cropped-AmpliEtudes-A-propos-WP.png\" alt=\"\" class=\"wp-image-71\" srcset=\"https:\/\/amplietudes.fr\/wp-content\/uploads\/2021\/08\/cropped-cropped-AmpliEtudes-A-propos-WP.png 940w, https:\/\/amplietudes.fr\/wp-content\/uploads\/2021\/08\/cropped-cropped-AmpliEtudes-A-propos-WP-300x251.png 300w, https:\/\/amplietudes.fr\/wp-content\/uploads\/2021\/08\/cropped-cropped-AmpliEtudes-A-propos-WP-768x644.png 768w\" sizes=\"auto, (max-width: 940px) 100vw, 940px\" \/><\/a><\/figure>\n<\/div>\n\n\n\n<div class=\"wp-block-column is-layout-flow wp-block-column-is-layout-flow\">\n<figure class=\"wp-block-image size-full is-style-rounded\"><a href=\"https:\/\/amplietudes.fr\/?page_id=39\" target=\"_blank\" rel=\"noopener\"><img loading=\"lazy\" decoding=\"async\" width=\"940\" height=\"788\" src=\"https:\/\/amplietudes.fr\/wp-content\/uploads\/2021\/08\/AmpliEtudes-Prestations-WP.png\" alt=\"\" class=\"wp-image-121\" srcset=\"https:\/\/amplietudes.fr\/wp-content\/uploads\/2021\/08\/AmpliEtudes-Prestations-WP.png 940w, https:\/\/amplietudes.fr\/wp-content\/uploads\/2021\/08\/AmpliEtudes-Prestations-WP-300x251.png 300w, https:\/\/amplietudes.fr\/wp-content\/uploads\/2021\/08\/AmpliEtudes-Prestations-WP-768x644.png 768w, https:\/\/amplietudes.fr\/wp-content\/uploads\/2021\/08\/AmpliEtudes-Prestations-WP-750x629.png 750w, https:\/\/amplietudes.fr\/wp-content\/uploads\/2021\/08\/AmpliEtudes-Prestations-WP-400x335.png 400w, https:\/\/amplietudes.fr\/wp-content\/uploads\/2021\/08\/AmpliEtudes-Prestations-WP-430x360.png 430w, https:\/\/amplietudes.fr\/wp-content\/uploads\/2021\/08\/AmpliEtudes-Prestations-WP-150x126.png 150w, https:\/\/amplietudes.fr\/wp-content\/uploads\/2021\/08\/AmpliEtudes-Prestations-WP-100x84.png 100w\" sizes=\"auto, (max-width: 940px) 100vw, 940px\" \/><\/a><\/figure>\n<\/div>\n\n\n\n<div class=\"wp-block-column is-layout-flow wp-block-column-is-layout-flow\">\n<figure class=\"wp-block-image size-large is-style-rounded\"><a href=\"https:\/\/amplietudes.fr\/?page_id=40\" target=\"_blank\" rel=\"noopener\"><img loading=\"lazy\" decoding=\"async\" width=\"1024\" height=\"902\" src=\"https:\/\/amplietudes.fr\/wp-content\/uploads\/2021\/08\/Contact-4-1024x902.jpg\" alt=\"\" class=\"wp-image-187\" srcset=\"https:\/\/amplietudes.fr\/wp-content\/uploads\/2021\/08\/Contact-4-1024x902.jpg 1024w, https:\/\/amplietudes.fr\/wp-content\/uploads\/2021\/08\/Contact-4-300x264.jpg 300w, https:\/\/amplietudes.fr\/wp-content\/uploads\/2021\/08\/Contact-4-768x677.jpg 768w, https:\/\/amplietudes.fr\/wp-content\/uploads\/2021\/08\/Contact-4-1536x1354.jpg 1536w, https:\/\/amplietudes.fr\/wp-content\/uploads\/2021\/08\/Contact-4-2048x1805.jpg 2048w, https:\/\/amplietudes.fr\/wp-content\/uploads\/2021\/08\/Contact-4-750x661.jpg 750w, https:\/\/amplietudes.fr\/wp-content\/uploads\/2021\/08\/Contact-4-400x353.jpg 400w, https:\/\/amplietudes.fr\/wp-content\/uploads\/2021\/08\/Contact-4-430x379.jpg 430w, https:\/\/amplietudes.fr\/wp-content\/uploads\/2021\/08\/Contact-4-150x132.jpg 150w, https:\/\/amplietudes.fr\/wp-content\/uploads\/2021\/08\/Contact-4-100x88.jpg 100w\" sizes=\"auto, (max-width: 1024px) 100vw, 1024px\" \/><\/a><\/figure>\n<\/div>\n<\/div>\n\n\n\n<div class=\"wp-block-columns is-layout-flex wp-container-core-columns-is-layout-9d6595d7 wp-block-columns-is-layout-flex\">\n<div class=\"wp-block-column is-layout-flow wp-block-column-is-layout-flow\">\n<p class=\"has-text-align-center\">Il \u00e9tait une fois, <strong>un Bureau d&#8217;Etudes&#8230;<\/strong><\/p>\n<\/div>\n\n\n\n<div class=\"wp-block-column is-layout-flow wp-block-column-is-layout-flow\">\n<p class=\"has-text-align-center\">Que vous soyez <strong>Particulier<\/strong>, <strong>Promoteur Immobilier<\/strong>, <strong>Architecte<\/strong>, <strong>Bureau d&#8217;Etudes<\/strong> ou <strong>Entreprise<\/strong>, nous vous proposons diff\u00e9rents types de prestations <strong>adapt\u00e9es<\/strong> \u00e0 vos besoins.<\/p>\n<\/div>\n\n\n\n<div class=\"wp-block-column is-layout-flow wp-block-column-is-layout-flow\">\n<p class=\"has-text-align-center\">Prenez Contact afin que nous puissions \u00e9valuer, <strong>ensemble<\/strong>, vos besoins.<\/p>\n<\/div>\n<\/div>\n","protected":false},"excerpt":{"rendered":"<p>Notre d\u00e9fi : Trouver LA solution qui vous correspond&#8230; Consciente de la diversit\u00e9 des acteurs de la construction et de leurs pr\u00e9occupations, une offre totalement adapt\u00e9e \u00e0 vos besoins et [&hellip;]<\/p>\n","protected":false},"author":1,"featured_media":0,"parent":0,"menu_order":0,"comment_status":"closed","ping_status":"closed","template":"page_fullwidth.php","meta":{"footnotes":""},"class_list":["post-175","page","type-page","status-publish","hentry"],"_links":{"self":[{"href":"https:\/\/amplietudes.fr\/index.php?rest_route=\/wp\/v2\/pages\/175","targetHints":{"allow":["GET"]}}],"collection":[{"href":"https:\/\/amplietudes.fr\/index.php?rest_route=\/wp\/v2\/pages"}],"about":[{"href":"https:\/\/amplietudes.fr\/index.php?rest_route=\/wp\/v2\/types\/page"}],"author":[{"embeddable":true,"href":"https:\/\/amplietudes.fr\/index.php?rest_route=\/wp\/v2\/users\/1"}],"replies":[{"embeddable":true,"href":"https:\/\/amplietudes.fr\/index.php?rest_route=%2Fwp%2Fv2%2Fcomments&post=175"}],"version-history":[{"count":31,"href":"https:\/\/amplietudes.fr\/index.php?rest_route=\/wp\/v2\/pages\/175\/revisions"}],"predecessor-version":[{"id":414,"href":"https:\/\/amplietudes.fr\/index.php?rest_route=\/wp\/v2\/pages\/175\/revisions\/414"}],"wp:attachment":[{"href":"https:\/\/amplietudes.fr\/index.php?rest_route=%2Fwp%2Fv2%2Fmedia&parent=175"}],"curies":[{"name":"wp","href":"https:\/\/api.w.org\/{rel}","templated":true}]}}